{"id":7,"date":"2020-11-06T01:54:51","date_gmt":"2020-11-06T05:54:51","guid":{"rendered":"https:\/\/venezuela.wordcamp.org\/2021\/schedule\/"},"modified":"2021-05-06T20:06:01","modified_gmt":"2021-05-07T00:06:01","slug":"programa","status":"publish","type":"page","link":"https:\/\/venezuela.wordcamp.org\/2021\/programa\/","title":{"rendered":"Programa"},"content":{"rendered":"\n<p class=\"has-text-align-center\">Todos los horarios son <em>America\/Caracas<\/em> <strong><a rel=\"noreferrer noopener\" href=\"https:\/\/time.is\/Venezuela\" data-type=\"URL\" data-id=\"https:\/\/time.is\/Venezuela\" target=\"_blank\">VEST<\/a><\/strong> (UTC-4)<\/p>\n\n\n\n<h2 class=\"has-text-align-center .custom.wordcamp-schedule__date wp-block-heading\">Jueves 6 de mayo de 2021<\/h2>\n\n\n\n<div\n\tclass=\"wp-block-wordcamp-schedule alignwide is-loading\"\n\t\tdata-attributes=\"{&quot;__isStylesPreview&quot;:false,&quot;align&quot;:&quot;wide&quot;,&quot;chooseSpecificDays&quot;:true,&quot;chosenDays&quot;:[&quot;2021-05-06&quot;],&quot;chooseSpecificTracks&quot;:false,&quot;chosenTrackIds&quot;:[],&quot;showCategories&quot;:false,&quot;useClientTimezone&quot;:true,&quot;className&quot;:&quot;is-style-default&quot;}\"\n>\n\tCargando\u2026<\/div>\n\n\n\t<div class=\"email-form fav-session-email-form-hide\">\n\t\t<!-- Tab links -->\n\t\t<div class=\"fav-session-share-tab\">\n\t\t\t\t\t\t\t<div class=\"fav-session-tablinks\" id=\"fav-session-btn-email\">\n\t\t\t\t\tCorreo electr\u00f3nico\t\t\t\t<\/div>\n\t\t\t\n\t\t\t<div class=\"fav-session-tablinks\" id=\"fav-session-btn-link\">\n\t\t\t\tEnlace\t\t\t<\/div>\n\n\t\t\t<div class=\"fav-session-tablinks\" id=\"fav-session-btn-print\">\n\t\t\t\tImprimir\t\t\t<\/div>\n\t\t<\/div>\n\n\t\t<!-- Tab content -->\n\t\t\t\t\t<div id=\"fav-session-tab-email\" class=\"fav-session-share-tabcontent\">\n\t\t\t\t<div id=\"fav-session-email-form\">\n\t\t\t\t\tEnv\u00edame mis sesiones favoritas:\n\t\t\t\t\t<form id=\"fav-sessions-form\">\n\t\t\t\t\t\t<input\n\t\t\t\t\t\t\ttype=\"text\"\n\t\t\t\t\t\t\tname=\"email_address\"\n\t\t\t\t\t\t\tid=\"fav-sessions-email-address\"\n\t\t\t\t\t\t\tplaceholder=\"me@protonmail.com\"\n\t\t\t\t\t\t\/>\n\t\t\t\t\t\t<input type=\"submit\" value=\"Enviar\" \/>\n\t\t\t\t\t<\/form>\n\t\t\t\t<\/div>\n\n\t\t\t\t<div class=\"fav-session-email-wait-spinner\"><\/div>\n\t\t\t\t<div class=\"fav-session-email-result\"><\/div>\n\t\t\t<\/div>\n\t\t\n\t\t<div id=\"fav-session-tab-link\" class=\"fav-session-share-tabcontent\">\n\t\t\tEnlace compartible:\t\t\t<br \/>\n\t\t\t<a id=\"fav-sessions-link\" href=\"\"><\/a>\n\t\t<\/div>\n\n\t\t<div id=\"fav-session-tab-print\" class=\"fav-session-share-tabcontent\">\n\t\t\t<button id=\"fav-session-print\">\n\t\t\t\tImprimir sesiones favoritas\t\t\t<\/button>\n\t\t<\/div>\n\t<\/div>\n\n\t<a class=\"show-email-form\" href=\"javascript:\">\n\t\t<span class=\"dashicons dashicons-star-filled\"><\/span>\n\t\t<span class=\"dashicons dashicons-email-alt\"><\/span>\n\t<\/a>\n\n\t\n\n\n<div style=\"height:15px\" aria-hidden=\"true\" class=\"wp-block-spacer\"><\/div>\n\n\n\n<h2 class=\"has-text-align-center .custom.wordcamp-schedule__date wp-block-heading\">Viernes 7 de mayo de 2021<\/h2>\n\n\n\n<div\n\tclass=\"wp-block-wordcamp-schedule alignwide is-loading\"\n\t\tdata-attributes=\"{&quot;__isStylesPreview&quot;:false,&quot;align&quot;:&quot;wide&quot;,&quot;chooseSpecificDays&quot;:true,&quot;chosenDays&quot;:[&quot;2021-05-07&quot;],&quot;chooseSpecificTracks&quot;:false,&quot;chosenTrackIds&quot;:[],&quot;showCategories&quot;:false,&quot;useClientTimezone&quot;:true,&quot;className&quot;:&quot;is-style-default&quot;}\"\n>\n\tCargando\u2026<\/div>\n\n\n\n\n<div class=\"wp-block-group alignfull\"><div class=\"wp-block-group__inner-container is-layout-flow wp-block-group-is-layout-flow\">\n<p>Por las dificultades que estamos experimentando en Venezuela con los servicios tanto de electricidad como de Internet, y en previsi\u00f3n de que alg\u00fan ponente no pueda conectarse, hemos decidido a\u00f1adir dos charlas alternativas, estas charlas aunque no se realicen en el directo podr\u00e1n ser vistas en WordPress.tv<\/p>\n<\/div><\/div>\n\n\n\n<div id=\"wordcamp-schedule__session-2560\" data-session-id=\"2560\" class=\"wordcamp-schedule__session has-slug-desarrolla-tu-primer-plugin-desde-0-like-a-boss is-type-session has-track-sala-1 has-speaker-victor-saenz has-speaker-pedro-crespo\">\n\t<h4 class=\"wordcamp-schedule__session-title\"><a href=\"https:\/\/venezuela.wordcamp.org\/2021\/session\/desarrolla-tu-primer-plugin-desde-0-like-a-boss\/\" target=\"_self\" rel=\"noopener noreferrer\">Desarrolla tu primer plugin desde 0 Like a Boss<\/a><\/h4>\n\t<dl class=\"wordcamp-schedule__session-speakers\">\n\t\t<dt class=\"screen-reader-text\">Speakers:<\/dt>\n\t\t<dd><a href=\"https:\/\/venezuela.wordcamp.org\/2021\/speaker\/victor-saenz\/\" target=\"_self\" rel=\"noopener noreferrer\">V\u00edctor S\u00e1enz<\/a><\/dd><br>\n\t\t<dd><a href=\"https:\/\/venezuela.wordcamp.org\/2021\/speaker\/pedro-crespo\/\" target=\"_self\" rel=\"noopener noreferrer\">Pedro Crespo<\/a><\/dd>\n\t<\/dl>\n<\/div>\n\n\n\n<div id=\"wordcamp-schedule__session-2564\" data-session-id=\"2564\" class=\"wordcamp-schedule__session has-slug-cuando-deberia-actualizar-a-ga4 is-type-session has-track-sala-2 has-speaker-carlos-manuel-diaz-honrado\">\n\t<h4 class=\"wordcamp-schedule__session-title\"><a href=\"https:\/\/venezuela.wordcamp.org\/2021\/session\/cuando-deberia-actualizar-a-ga4\/\" target=\"_self\" rel=\"noopener noreferrer\">\u00bfCuando deber\u00eda actualizar a GA4?<\/a><\/h4>\n\t<dl class=\"wordcamp-schedule__session-speakers\">\n\t\t<dt class=\"screen-reader-text\">Speakers:<\/dt>\n\t\t<dd><a href=\"https:\/\/venezuela.wordcamp.org\/2021\/speaker\/carlos-manuel-diaz-honrado\/\" target=\"_self\" rel=\"noopener noreferrer\">Carlos Manuel D\u00edaz Honrado<\/a><\/dd>\n\t<\/dl>\n<\/div>\n\n\n\n<h2 class=\"has-text-align-center .custom.wordcamp-schedule__date wp-block-heading\">S\u00e1bado 8 de mayo de 2021<\/h2>\n\n\n\n<p>D\u00eda del Colaborador, el d\u00eda dedicado a contribuir con la comunidad.<\/p>\n\n\n\n<p>A partir de las 10:00 am estaremos colaborando y aprendiendo a colaborar. <a href=\"https:\/\/venezuela.wordcamp.org\/2021\/colabora\/\" data-type=\"URL\" data-id=\"https:\/\/venezuela.wordcamp.org\/2021\/colabora\/\">Aqu\u00ed tienes toda la informaci\u00f3n.<\/a><\/p>\n","protected":false},"excerpt":{"rendered":"<p>Todos los horarios son America\/Caracas VEST (UTC-4) Jueves 6 de mayo de 2021 Viernes 7 de mayo de 2021 Por las dificultades que estamos experimentando en Venezuela con los servicios tanto de electricidad como de Internet, y en previsi\u00f3n de que alg\u00fan ponente no pueda conectarse, hemos decidido a\u00f1adir dos charlas alternativas, estas charlas aunque&hellip; <a class=\"more-link\" href=\"https:\/\/venezuela.wordcamp.org\/2021\/programa\/\">Seguir leyendo <span class=\"screen-reader-text\">Programa<\/span><\/a><\/p>\n","protected":false},"author":14680667,"featured_media":0,"parent":0,"menu_order":0,"comment_status":"closed","ping_status":"closed","template":"","meta":{"jetpack_post_was_ever_published":false,"footnotes":""},"class_list":["post-7","page","type-page","status-publish","hentry","entry"],"jetpack_sharing_enabled":true,"_links":{"self":[{"href":"https:\/\/venezuela.wordcamp.org\/2021\/wp-json\/wp\/v2\/pages\/7","targetHints":{"allow":["GET"]}}],"collection":[{"href":"https:\/\/venezuela.wordcamp.org\/2021\/wp-json\/wp\/v2\/pages"}],"about":[{"href":"https:\/\/venezuela.wordcamp.org\/2021\/wp-json\/wp\/v2\/types\/page"}],"author":[{"embeddable":true,"href":"https:\/\/venezuela.wordcamp.org\/2021\/wp-json\/wp\/v2\/users\/14680667"}],"replies":[{"embeddable":true,"href":"https:\/\/venezuela.wordcamp.org\/2021\/wp-json\/wp\/v2\/comments?post=7"}],"version-history":[{"count":30,"href":"https:\/\/venezuela.wordcamp.org\/2021\/wp-json\/wp\/v2\/pages\/7\/revisions"}],"predecessor-version":[{"id":3596,"href":"https:\/\/venezuela.wordcamp.org\/2021\/wp-json\/wp\/v2\/pages\/7\/revisions\/3596"}],"wp:attachment":[{"href":"https:\/\/venezuela.wordcamp.org\/2021\/wp-json\/wp\/v2\/media?parent=7"}],"curies":[{"name":"wp","href":"https:\/\/api.w.org\/{rel}","templated":true}]}}