{"id":3480,"date":"2021-05-08T19:19:53","date_gmt":"2021-05-08T23:19:53","guid":{"rendered":"https:\/\/venezuela.wordcamp.org\/2021\/?page_id=3480"},"modified":"2021-05-08T22:27:42","modified_gmt":"2021-05-09T02:27:42","slug":"ver-charlas","status":"publish","type":"page","link":"https:\/\/venezuela.wordcamp.org\/2021\/ver-charlas\/","title":{"rendered":"Ver charlas"},"content":{"rendered":"\n<div class=\"wp-block-columns alignwide is-style-default is-layout-flex wp-container-core-columns-is-layout-8f761849 wp-block-columns-is-layout-flex\">\n<div class=\"wp-block-column is-layout-flow wp-block-column-is-layout-flow\">\n<p class=\"has-text-align-center has-extra-large-font-size wp-block-paragraph\"><strong>Jueves<\/strong><\/p>\n\n\n\n<ul class=\"dos-columnas has-small-font-size wp-block-list\"><li><a href=\"https:\/\/venezuela.wordcamp.org\/2021\/ver-charlas\/#apertura\" data-type=\"URL\" data-id=\"https:\/\/venezuela.wordcamp.org\/2021\/ver-charlas\/#apertura\">Apertura de WordCamp Venezuela 2021<\/a><\/li><li><a href=\"https:\/\/venezuela.wordcamp.org\/2021\/ver-charlas\/#mesa-redonda\" data-type=\"URL\" data-id=\"https:\/\/venezuela.wordcamp.org\/2021\/ver-charlas\/#mesa-redonda\">Mesa redonda<\/a><\/li><li><a href=\"https:\/\/venezuela.wordcamp.org\/2021\/ver-charlas\/#7-claves-exito\" data-type=\"URL\" data-id=\"https:\/\/venezuela.wordcamp.org\/2021\/ver-charlas\/#7-claves-exito\">Las 7 claves del \u00e9xito en WordPress<\/a><\/li><li><a href=\"https:\/\/venezuela.wordcamp.org\/2021\/ver-charlas\/#crear-multisitio\" data-type=\"URL\" data-id=\"https:\/\/venezuela.wordcamp.org\/2021\/ver-charlas\/#crear-multisitio\">Aprende a crear un multisitio en WordPress f\u00e1cil y r\u00e1pido<\/a><\/li><li><a href=\"https:\/\/venezuela.wordcamp.org\/2021\/ver-charlas\/#gestion-productos\" data-type=\"URL\" data-id=\"https:\/\/venezuela.wordcamp.org\/2021\/ver-charlas\/#gestion-productos\">Gesti\u00f3n de productos para una tienda en l\u00ednea de 0% a 100% en 30 minutos<\/a><\/li><li><a href=\"https:\/\/venezuela.wordcamp.org\/2021\/ver-charlas\/#accesibilidad-wordpress\" data-type=\"URL\" data-id=\"https:\/\/venezuela.wordcamp.org\/2021\/ver-charlas\/#accesibilidad-wordpress\">Accesibilidad web y tecnolog\u00eda con WordPress<\/a><\/li><li><a href=\"https:\/\/venezuela.wordcamp.org\/2021\/ver-charlas\/#negocio-internacional\" data-type=\"URL\" data-id=\"https:\/\/venezuela.wordcamp.org\/2021\/ver-charlas\/#negocio-internacional\">Pon en marcha tu negocio internacional con WordPress<\/a><\/li><li><a href=\"https:\/\/venezuela.wordcamp.org\/2021\/ver-charlas\/#wordpress-y-educacion\" data-type=\"URL\" data-id=\"https:\/\/venezuela.wordcamp.org\/2021\/ver-charlas\/#wordpress-y-educacion\">WordPress y Educaci\u00f3n<\/a><\/li><li><a href=\"https:\/\/venezuela.wordcamp.org\/2021\/ver-charlas\/#planes-contingencia\" data-type=\"URL\" data-id=\"https:\/\/venezuela.wordcamp.org\/2021\/ver-charlas\/#planes-contingencia\">Planes de contingencia \u2013 Aprende a protegerte contra los desastres<\/a><\/li><li><a href=\"https:\/\/venezuela.wordcamp.org\/2021\/ver-charlas\/#entornos-desarrollo\" data-type=\"URL\" data-id=\"https:\/\/venezuela.wordcamp.org\/2021\/ver-charlas\/#entornos-desarrollo\">Entornos de desarrollo y CI\/CD para equipos medianos<\/a><\/li><li><a href=\"https:\/\/venezuela.wordcamp.org\/2021\/ver-charlas\/#antonella-framework-2\" data-type=\"URL\" data-id=\"https:\/\/venezuela.wordcamp.org\/2021\/ver-charlas\/#antonella-framework-2\">Novedades de Antonella Framework 2<\/a><\/li><\/ul>\n<\/div>\n\n\n\n<div class=\"wp-block-column is-layout-flow wp-block-column-is-layout-flow\">\n<p class=\"has-text-align-center has-extra-large-font-size wp-block-paragraph\"><strong>Viernes<\/strong><\/p>\n\n\n\n<ul class=\"dos-columnas has-small-font-size wp-block-list\"><li><a href=\"https:\/\/venezuela.wordcamp.org\/2021\/ver-charlas\/#bloques-campos-personalizados-y-bbdd\" data-type=\"URL\" data-id=\"https:\/\/venezuela.wordcamp.org\/2021\/ver-charlas\/#bloques-campos-personalizados-y-bbdd\">Bloques de Gutenberg y campos personalizados y su relaci\u00f3n con la base de datos<\/a><\/li><li><a href=\"https:\/\/venezuela.wordcamp.org\/2021\/ver-charlas\/#contratos-a-distancia\" data-type=\"URL\" data-id=\"https:\/\/venezuela.wordcamp.org\/2021\/ver-charlas\/#contratos-a-distancia\">Los contratos a distancia<\/a><\/li><li><a href=\"https:\/\/venezuela.wordcamp.org\/2021\/ver-charlas\/#optimizacion\" data-type=\"URL\" data-id=\"https:\/\/venezuela.wordcamp.org\/2021\/ver-charlas\/#optimizacion\">Optimiza tus web a bajo costo<\/a><\/li><li><a href=\"https:\/\/venezuela.wordcamp.org\/2021\/ver-charlas\/#accesibilidad\" data-type=\"URL\" data-id=\"https:\/\/venezuela.wordcamp.org\/2021\/ver-charlas\/#accesibilidad\">Todos somos usuarios<\/a><\/li><li><a href=\"https:\/\/venezuela.wordcamp.org\/2021\/ver-charlas\/#el-poder-de-la-colmena\" data-type=\"URL\" data-id=\"https:\/\/venezuela.wordcamp.org\/2021\/ver-charlas\/#el-poder-de-la-colmena\">SEO, WordPress y el poder de la colmena<\/a><\/li><li><a href=\"https:\/\/venezuela.wordcamp.org\/2021\/ver-charlas\/#servicios\" data-type=\"URL\" data-id=\"https:\/\/venezuela.wordcamp.org\/2021\/ver-charlas\/#servicios\">Servicios WordPress, \u00bfpremium o low-cost?<\/a><\/li><li><a href=\"https:\/\/venezuela.wordcamp.org\/2021\/ver-charlas\/#contenidos\" data-type=\"URL\" data-id=\"https:\/\/venezuela.wordcamp.org\/2021\/ver-charlas\/#contenidos\">\u00a1Adi\u00f3s bloqueo! Bienvenidas ideas de contenidos brillantes<\/a><\/li><li><a href=\"https:\/\/venezuela.wordcamp.org\/2021\/ver-charlas\/#consejos-seo\" data-type=\"URL\" data-id=\"https:\/\/venezuela.wordcamp.org\/2021\/ver-charlas\/#consejos-seo\">5 consejos SEO para WordPress<\/a><\/li><li><a href=\"https:\/\/venezuela.wordcamp.org\/2021\/ver-charlas\/#trucos-ecommerce\" data-type=\"URL\" data-id=\"https:\/\/venezuela.wordcamp.org\/2021\/ver-charlas\/#trucos-ecommerce\">Trucos muy sencillos que he aplicado en los eCommerce y que han funcionado<\/a><\/li><li><a href=\"https:\/\/venezuela.wordcamp.org\/2021\/ver-charlas\/#chat-wordpress\" data-type=\"URL\" data-id=\"https:\/\/venezuela.wordcamp.org\/2021\/ver-charlas\/#chat-wordpress\">Optimiza tu conversi\u00f3n con un chat en WordPress<\/a><\/li><li><a href=\"https:\/\/venezuela.wordcamp.org\/2021\/ver-charlas\/#landing-gutenberg\" data-type=\"URL\" data-id=\"https:\/\/venezuela.wordcamp.org\/2021\/ver-charlas\/#landing-gutenberg\">C\u00f3mo hacer una landing con Gutenberg sin c\u00f3digo<\/a><\/li><li><a href=\"https:\/\/venezuela.wordcamp.org\/2021\/ver-charlas\/#desarrollo-plugin\" data-type=\"URL\" data-id=\"https:\/\/venezuela.wordcamp.org\/2021\/ver-charlas\/#desarrollo-plugin\">Desarrolla tu primer plugin desde 0 Like a Boss<\/a><\/li><li><a href=\"https:\/\/venezuela.wordcamp.org\/2021\/ver-charlas\/#actualizar-ga4\" data-type=\"URL\" data-id=\"https:\/\/venezuela.wordcamp.org\/2021\/ver-charlas\/#actualizar-ga4\">\u00bfCu\u00e1ndo deber\u00eda actualizar a GA4?<\/a><\/li><li><a href=\"https:\/\/venezuela.wordcamp.org\/2021\/ver-charlas\/#clausura\" data-type=\"URL\" data-id=\"https:\/\/venezuela.wordcamp.org\/2021\/ver-charlas\/#clausura\">Clausura de WordCamp Venezuela<\/a><\/li><\/ul>\n<\/div>\n<\/div>\n\n\n\n<div style=\"height:30px\" aria-hidden=\"true\" id=\"apertura\" class=\"wp-block-spacer\"><\/div>\n\n\n\n<h2 class=\"has-extra-large-font-size wp-block-heading\">Presentaci\u00f3n y bienvenida a WordCamp Venezuela, con Jordi Cuevas y Yordan Soares<\/h2>\n\n\n\n<figure class=\"wp-block-embed alignwide is-type-video is-provider-wordpress-tv wp-block-embed-wordpress-tv wp-embed-aspect-16-9 wp-has-aspect-ratio\"><div class=\"wp-block-embed__wrapper\">\n<iframe width='750' height='422' src='https:\/\/video.wordpress.com\/embed\/7UrB2h1X?hd=1' frameborder='0' allowfullscreen><\/iframe><script src='https:\/\/v0.wordpress.com\/js\/next\/videopress-iframe.js?m=1435166243'><\/script>\n<\/div><\/figure>\n\n\n\n<div style=\"height:30px\" aria-hidden=\"true\" id=\"mesa-redonda\" class=\"wp-block-spacer\"><\/div>\n\n\n\n<h2 class=\"has-extra-large-font-size wp-block-heading\">La Comunidad WordPress es compartir conocimiento, establecer conexiones y expandir horizontes, mesa redonda<\/h2>\n\n\n\n<figure class=\"wp-block-embed alignwide is-type-video is-provider-wordpress-tv wp-block-embed-wordpress-tv wp-embed-aspect-16-9 wp-has-aspect-ratio\"><div class=\"wp-block-embed__wrapper\">\n<iframe width='750' height='422' src='https:\/\/video.wordpress.com\/embed\/QA15KGMU?hd=1' frameborder='0' allowfullscreen><\/iframe><script src='https:\/\/v0.wordpress.com\/js\/next\/videopress-iframe.js?m=1435166243'><\/script>\n<\/div><\/figure>\n\n\n\n<div style=\"height:30px\" aria-hidden=\"true\" id=\"7-claves-exito\" class=\"wp-block-spacer\"><\/div>\n\n\n\n<h2 class=\"has-extra-large-font-size wp-block-heading\">Las 7 claves del \u00e9xito en WordPress, con Mar\u00eda S\u00e1nchez<\/h2>\n\n\n\n<figure class=\"wp-block-embed alignwide is-type-video is-provider-wordpress-tv wp-block-embed-wordpress-tv wp-embed-aspect-16-9 wp-has-aspect-ratio\"><div class=\"wp-block-embed__wrapper\">\n<iframe width='750' height='422' src='https:\/\/video.wordpress.com\/embed\/DgM7zIZ0?hd=1' frameborder='0' allowfullscreen><\/iframe><script src='https:\/\/v0.wordpress.com\/js\/next\/videopress-iframe.js?m=1435166243'><\/script>\n<\/div><\/figure>\n\n\n\n<div style=\"height:30px\" aria-hidden=\"true\" id=\"crear-multisitio\" class=\"wp-block-spacer\"><\/div>\n\n\n\n<h2 class=\"has-extra-large-font-size wp-block-heading\">Aprende a Crear un Multisite F\u00e1cil y R\u00e1pido en WP + Recomendaciones Importantes, con Juan Camilo \u00c1lvarez<\/h2>\n\n\n\n<figure class=\"wp-block-embed alignwide is-type-video is-provider-wordpress-tv wp-block-embed-wordpress-tv wp-embed-aspect-16-9 wp-has-aspect-ratio\"><div class=\"wp-block-embed__wrapper\">\n<iframe width='750' height='422' src='https:\/\/video.wordpress.com\/embed\/6PVmleCh?hd=1' frameborder='0' allowfullscreen><\/iframe><script src='https:\/\/v0.wordpress.com\/js\/next\/videopress-iframe.js?m=1435166243'><\/script>\n<\/div><\/figure>\n\n\n\n<div style=\"height:30px\" aria-hidden=\"true\" id=\"gestion-productos\" class=\"wp-block-spacer\"><\/div>\n\n\n\n<h2 class=\"has-extra-large-font-size wp-block-heading\">Gesti\u00f3n de productos para una tienda en l\u00ednea, de 0% a 100% en 30 minutos, con Ernesto Morales<\/h2>\n\n\n\n<figure class=\"wp-block-embed alignwide is-type-video is-provider-wordpress-tv wp-block-embed-wordpress-tv wp-embed-aspect-16-9 wp-has-aspect-ratio\"><div class=\"wp-block-embed__wrapper\">\n<iframe width='750' height='422' src='https:\/\/video.wordpress.com\/embed\/6ZEJTLxf?hd=1' frameborder='0' allowfullscreen><\/iframe><script src='https:\/\/v0.wordpress.com\/js\/next\/videopress-iframe.js?m=1435166243'><\/script>\n<\/div><\/figure>\n\n\n\n<div style=\"height:30px\" aria-hidden=\"true\" id=\"accesibilidad-wordpress\" class=\"wp-block-spacer\"><\/div>\n\n\n\n<h2 class=\"has-extra-large-font-size wp-block-heading\">Accesibilidad web y tecnolog\u00eda con WordPress, con I\u00f1aki Mart\u00edn<\/h2>\n\n\n\n<figure class=\"wp-block-embed alignwide is-type-video is-provider-wordpress-tv wp-block-embed-wordpress-tv wp-embed-aspect-16-9 wp-has-aspect-ratio\"><div class=\"wp-block-embed__wrapper\">\n<iframe width='750' height='422' src='https:\/\/video.wordpress.com\/embed\/AITjwhpX?hd=1' frameborder='0' allowfullscreen><\/iframe><script src='https:\/\/v0.wordpress.com\/js\/next\/videopress-iframe.js?m=1435166243'><\/script>\n<\/div><\/figure>\n\n\n\n<div style=\"height:30px\" aria-hidden=\"true\" id=\"negocio-internacional\" class=\"wp-block-spacer\"><\/div>\n\n\n\n<h2 class=\"has-extra-large-font-size wp-block-heading\">Pon en marcha tu negocio internacional con WordPress, con Roberto Miralles<\/h2>\n\n\n\n<figure class=\"wp-block-embed alignwide is-type-video is-provider-wordpress-tv wp-block-embed-wordpress-tv wp-embed-aspect-16-9 wp-has-aspect-ratio\"><div class=\"wp-block-embed__wrapper\">\n<iframe width='750' height='422' src='https:\/\/video.wordpress.com\/embed\/BF8uFpna?hd=1' frameborder='0' allowfullscreen><\/iframe><script src='https:\/\/v0.wordpress.com\/js\/next\/videopress-iframe.js?m=1435166243'><\/script>\n<\/div><\/figure>\n\n\n\n<div style=\"height:30px\" aria-hidden=\"true\" id=\"wordpress-y-educacion\" class=\"wp-block-spacer\"><\/div>\n\n\n\n<h2 class=\"has-extra-large-font-size wp-block-heading\">WordPress y Educaci\u00f3n, con Elena Margarita Z\u00e1rate<\/h2>\n\n\n\n<figure class=\"wp-block-embed alignwide is-type-video is-provider-wordpress-tv wp-block-embed-wordpress-tv wp-embed-aspect-16-9 wp-has-aspect-ratio\"><div class=\"wp-block-embed__wrapper\">\n<iframe width='750' height='422' src='https:\/\/video.wordpress.com\/embed\/zp9xcYnY?hd=1' frameborder='0' allowfullscreen><\/iframe><script src='https:\/\/v0.wordpress.com\/js\/next\/videopress-iframe.js?m=1435166243'><\/script>\n<\/div><\/figure>\n\n\n\n<div style=\"height:30px\" aria-hidden=\"true\" id=\"planes-contingencia\" class=\"wp-block-spacer\"><\/div>\n\n\n\n<h2 class=\"has-extra-large-font-size wp-block-heading\">Planes de contingencia. Aprende a protegerte contra los desastres, con Jes\u00fas Amieiro Becerra<\/h2>\n\n\n\n<figure class=\"wp-block-embed alignwide is-type-video is-provider-wordpress-tv wp-block-embed-wordpress-tv wp-embed-aspect-16-9 wp-has-aspect-ratio\"><div class=\"wp-block-embed__wrapper\">\n<iframe width='750' height='422' src='https:\/\/video.wordpress.com\/embed\/DhoOMPpO?hd=1' frameborder='0' allowfullscreen><\/iframe><script src='https:\/\/v0.wordpress.com\/js\/next\/videopress-iframe.js?m=1435166243'><\/script>\n<\/div><\/figure>\n\n\n\n<div style=\"height:30px\" aria-hidden=\"true\" id=\"entornos-desarrollo\" class=\"wp-block-spacer\"><\/div>\n\n\n\n<h2 class=\"has-extra-large-font-size wp-block-heading\">Entornos de desarrollo y CI\/CD para equipos medianos, con Manuel Garc\u00eda Solipa<\/h2>\n\n\n\n<figure class=\"wp-block-embed alignwide is-type-video is-provider-wordpress-tv wp-block-embed-wordpress-tv wp-embed-aspect-16-9 wp-has-aspect-ratio\"><div class=\"wp-block-embed__wrapper\">\n<iframe width='750' height='422' src='https:\/\/video.wordpress.com\/embed\/DCrJzs7l?hd=1' frameborder='0' allowfullscreen><\/iframe><script src='https:\/\/v0.wordpress.com\/js\/next\/videopress-iframe.js?m=1435166243'><\/script>\n<\/div><\/figure>\n\n\n\n<div style=\"height:30px\" aria-hidden=\"true\" id=\"antonella-framework-2\" class=\"wp-block-spacer\"><\/div>\n\n\n\n<h2 class=\"has-extra-large-font-size wp-block-heading\">Novedades de Antonella Framework 2, con Carlos Herrera<\/h2>\n\n\n\n<figure class=\"wp-block-embed alignwide is-type-video is-provider-wordpress-tv wp-block-embed-wordpress-tv wp-embed-aspect-16-9 wp-has-aspect-ratio\"><div class=\"wp-block-embed__wrapper\">\n<iframe width='750' height='422' src='https:\/\/video.wordpress.com\/embed\/l9iAE83O?hd=1' frameborder='0' allowfullscreen><\/iframe><script src='https:\/\/v0.wordpress.com\/js\/next\/videopress-iframe.js?m=1435166243'><\/script>\n<\/div><\/figure>\n\n\n\n<div style=\"height:30px\" aria-hidden=\"true\" id=\"bloques-campos-personalizados-y-bbdd\" class=\"wp-block-spacer\"><\/div>\n\n\n\n<h2 class=\"has-extra-large-font-size wp-block-heading\">Bloques de Gutenberg y Campos Personalizados y su relaci\u00f3n con la Base de Datos, con Mauricio Gelves<\/h2>\n\n\n\n<figure class=\"wp-block-embed alignwide is-type-video is-provider-wordpress-tv wp-block-embed-wordpress-tv wp-embed-aspect-16-9 wp-has-aspect-ratio\"><div class=\"wp-block-embed__wrapper\">\n<iframe width='750' height='422' src='https:\/\/video.wordpress.com\/embed\/PDeQkObN?hd=1' frameborder='0' allowfullscreen><\/iframe><script src='https:\/\/v0.wordpress.com\/js\/next\/videopress-iframe.js?m=1435166243'><\/script>\n<\/div><\/figure>\n\n\n\n<div style=\"height:30px\" aria-hidden=\"true\" id=\"contratos-a-distancia\" class=\"wp-block-spacer\"><\/div>\n\n\n\n<h2 class=\"has-extra-large-font-size wp-block-heading\">Los contratos a distancia, con Ydania Molina Landaeta<\/h2>\n\n\n\n<figure class=\"wp-block-embed alignwide is-type-video is-provider-wordpress-tv wp-block-embed-wordpress-tv wp-embed-aspect-16-9 wp-has-aspect-ratio\"><div class=\"wp-block-embed__wrapper\">\n<iframe width='750' height='422' src='https:\/\/video.wordpress.com\/embed\/gT8UAI9s?hd=1' frameborder='0' allowfullscreen><\/iframe><script src='https:\/\/v0.wordpress.com\/js\/next\/videopress-iframe.js?m=1435166243'><\/script>\n<\/div><\/figure>\n\n\n\n<div style=\"height:30px\" aria-hidden=\"true\" id=\"optimizacion\" class=\"wp-block-spacer\"><\/div>\n\n\n\n<h2 class=\"has-extra-large-font-size wp-block-heading\">Optimiza tus web a bajo costo, con Fernando Puente<\/h2>\n\n\n\n<figure class=\"wp-block-embed alignwide is-type-video is-provider-wordpress-tv wp-block-embed-wordpress-tv wp-embed-aspect-16-9 wp-has-aspect-ratio\"><div class=\"wp-block-embed__wrapper\">\n<iframe width='750' height='422' src='https:\/\/video.wordpress.com\/embed\/vj4WqOeU?hd=1' frameborder='0' allowfullscreen><\/iframe><script src='https:\/\/v0.wordpress.com\/js\/next\/videopress-iframe.js?m=1435166243'><\/script>\n<\/div><\/figure>\n\n\n\n<div style=\"height:30px\" aria-hidden=\"true\" id=\"accesibilidad\" class=\"wp-block-spacer\"><\/div>\n\n\n\n<h2 class=\"has-extra-large-font-size wp-block-heading\">Todos somos usuarios, con Mar\u00eda Gabriela Gandica<\/h2>\n\n\n\n<figure class=\"wp-block-embed alignwide is-type-video is-provider-wordpress-tv wp-block-embed-wordpress-tv wp-embed-aspect-16-9 wp-has-aspect-ratio\"><div class=\"wp-block-embed__wrapper\">\n<iframe width='750' height='422' src='https:\/\/video.wordpress.com\/embed\/FHpwgdbk?hd=1' frameborder='0' allowfullscreen><\/iframe><script src='https:\/\/v0.wordpress.com\/js\/next\/videopress-iframe.js?m=1435166243'><\/script>\n<\/div><\/figure>\n\n\n\n<div style=\"height:30px\" aria-hidden=\"true\" id=\"el-poder-de-la-colmena\" class=\"wp-block-spacer\"><\/div>\n\n\n\n<h2 class=\"has-extra-large-font-size wp-block-heading\">SEO, WordPress y el poder de la colmena, con Wajari Vel\u00e1squez<\/h2>\n\n\n\n<figure class=\"wp-block-embed alignwide is-type-video is-provider-wordpress-tv wp-block-embed-wordpress-tv wp-embed-aspect-16-9 wp-has-aspect-ratio\"><div class=\"wp-block-embed__wrapper\">\n<iframe width='750' height='422' src='https:\/\/video.wordpress.com\/embed\/Yc9k0Xy4?hd=1' frameborder='0' allowfullscreen><\/iframe><script src='https:\/\/v0.wordpress.com\/js\/next\/videopress-iframe.js?m=1435166243'><\/script>\n<\/div><\/figure>\n\n\n\n<div style=\"height:30px\" aria-hidden=\"true\" id=\"servicios\" class=\"wp-block-spacer\"><\/div>\n\n\n\n<h2 class=\"has-extra-large-font-size wp-block-heading\">Servicios WordPress: \u00bfpremium o low-cost?, con Ana Cirujano<\/h2>\n\n\n\n<figure class=\"wp-block-embed alignwide is-type-video is-provider-wordpress-tv wp-block-embed-wordpress-tv wp-embed-aspect-16-9 wp-has-aspect-ratio\"><div class=\"wp-block-embed__wrapper\">\n<iframe width='750' height='422' src='https:\/\/video.wordpress.com\/embed\/2DZDAtB5?hd=1' frameborder='0' allowfullscreen><\/iframe><script src='https:\/\/v0.wordpress.com\/js\/next\/videopress-iframe.js?m=1435166243'><\/script>\n<\/div><\/figure>\n\n\n\n<div style=\"height:30px\" aria-hidden=\"true\" id=\"contenidos\" class=\"wp-block-spacer\"><\/div>\n\n\n\n<h2 class=\"has-extra-large-font-size wp-block-heading\">\u00a1Adi\u00f3s bloqueo! Bienvenidas ideas de contenidos brillantes, con Vanessa Mart\u00ednez<\/h2>\n\n\n\n<figure class=\"wp-block-embed alignwide is-type-video is-provider-wordpress-tv wp-block-embed-wordpress-tv wp-embed-aspect-16-9 wp-has-aspect-ratio\"><div class=\"wp-block-embed__wrapper\">\n<iframe width='750' height='422' src='https:\/\/video.wordpress.com\/embed\/vR1NIaYl?hd=1' frameborder='0' allowfullscreen><\/iframe><script src='https:\/\/v0.wordpress.com\/js\/next\/videopress-iframe.js?m=1435166243'><\/script>\n<\/div><\/figure>\n\n\n\n<div style=\"height:30px\" aria-hidden=\"true\" id=\"consejos-seo\" class=\"wp-block-spacer\"><\/div>\n\n\n\n<h2 class=\"has-extra-large-font-size wp-block-heading\">5 consejos SEO para WordPress, con Andruz Legro<\/h2>\n\n\n\n<figure class=\"wp-block-embed alignwide is-type-video is-provider-wordpress-tv wp-block-embed-wordpress-tv wp-embed-aspect-16-9 wp-has-aspect-ratio\"><div class=\"wp-block-embed__wrapper\">\n<iframe width='750' height='422' src='https:\/\/video.wordpress.com\/embed\/ZLnzjkXS?hd=1' frameborder='0' allowfullscreen><\/iframe><script src='https:\/\/v0.wordpress.com\/js\/next\/videopress-iframe.js?m=1435166243'><\/script>\n<\/div><\/figure>\n\n\n\n<div style=\"height:30px\" aria-hidden=\"true\" id=\"trucos-ecommerce\" class=\"wp-block-spacer\"><\/div>\n\n\n\n<h2 class=\"has-extra-large-font-size wp-block-heading\">Trucos muy sencillos que he aplicado en los eCommerce y que han funcionado, con Lidia Marb\u00e1n<\/h2>\n\n\n\n<figure class=\"wp-block-embed alignwide is-type-video is-provider-wordpress-tv wp-block-embed-wordpress-tv wp-embed-aspect-16-9 wp-has-aspect-ratio\"><div class=\"wp-block-embed__wrapper\">\n<iframe width='750' height='422' src='https:\/\/video.wordpress.com\/embed\/0t8ZuAR2?hd=1' frameborder='0' allowfullscreen><\/iframe><script src='https:\/\/v0.wordpress.com\/js\/next\/videopress-iframe.js?m=1435166243'><\/script>\n<\/div><\/figure>\n\n\n\n<div style=\"height:30px\" aria-hidden=\"true\" id=\"chat-wordpress\" class=\"wp-block-spacer\"><\/div>\n\n\n\n<h2 class=\"has-extra-large-font-size wp-block-heading\">Optimiza tu conversi\u00f3n con un chat en WordPress, con Pablo Moratinos<\/h2>\n\n\n\n<figure class=\"wp-block-embed alignwide is-type-video is-provider-wordpress-tv wp-block-embed-wordpress-tv wp-embed-aspect-16-9 wp-has-aspect-ratio\"><div class=\"wp-block-embed__wrapper\">\n<iframe width='750' height='422' src='https:\/\/video.wordpress.com\/embed\/DKCENBWe?hd=1' frameborder='0' allowfullscreen><\/iframe><script src='https:\/\/v0.wordpress.com\/js\/next\/videopress-iframe.js?m=1435166243'><\/script>\n<\/div><\/figure>\n\n\n\n<div style=\"height:30px\" aria-hidden=\"true\" id=\"landing-gutenberg\" class=\"wp-block-spacer\"><\/div>\n\n\n\n<h2 class=\"has-extra-large-font-size wp-block-heading\" id=\"landing-gutenberg\">C\u00f3mo hacer una landing con Gutenberg sin c\u00f3digo, con David Vi\u00f1a<\/h2>\n\n\n\n<figure class=\"wp-block-embed alignwide is-type-video is-provider-wordpress-tv wp-block-embed-wordpress-tv wp-embed-aspect-16-9 wp-has-aspect-ratio\"><div class=\"wp-block-embed__wrapper\">\n<iframe width='750' height='422' src='https:\/\/video.wordpress.com\/embed\/S8S9EZ8M?hd=1' frameborder='0' allowfullscreen><\/iframe><script src='https:\/\/v0.wordpress.com\/js\/next\/videopress-iframe.js?m=1435166243'><\/script>\n<\/div><\/figure>\n\n\n\n<div style=\"height:30px\" aria-hidden=\"true\" id=\"desarrollo-plugin\" class=\"wp-block-spacer\"><\/div>\n\n\n\n<h2 class=\"has-extra-large-font-size wp-block-heading\">Desarrolla tu primer plugin desde 0 Like a&nbsp;Boss, con V\u00edctor S\u00e1enz y Pedro Crespo<\/h2>\n\n\n\n<figure class=\"wp-block-embed alignwide is-type-video is-provider-wordpress-tv wp-block-embed-wordpress-tv wp-embed-aspect-16-9 wp-has-aspect-ratio\"><div class=\"wp-block-embed__wrapper\">\n<iframe width='750' height='422' src='https:\/\/video.wordpress.com\/embed\/STaadWf2?hd=1' frameborder='0' allowfullscreen><\/iframe><script src='https:\/\/v0.wordpress.com\/js\/next\/videopress-iframe.js?m=1435166243'><\/script>\n<\/div><\/figure>\n\n\n\n<div style=\"height:30px\" aria-hidden=\"true\" id=\"actualizar-ga4\" class=\"wp-block-spacer\"><\/div>\n\n\n\n<h2 class=\"has-extra-large-font-size wp-block-heading\">\u00bfCu\u00e1ndo deber\u00eda actualizar a&nbsp;GA4?, con Carlos M. D\u00edaz Honrado<\/h2>\n\n\n\n<figure class=\"wp-block-embed alignwide is-type-video is-provider-wordpress-tv wp-block-embed-wordpress-tv wp-embed-aspect-16-9 wp-has-aspect-ratio\"><div class=\"wp-block-embed__wrapper\">\n<iframe width='750' height='422' src='https:\/\/video.wordpress.com\/embed\/11BeThdU?hd=1' frameborder='0' allowfullscreen><\/iframe><script src='https:\/\/v0.wordpress.com\/js\/next\/videopress-iframe.js?m=1435166243'><\/script>\n<\/div><\/figure>\n\n\n\n<div style=\"height:30px\" aria-hidden=\"true\" id=\"clausura\" class=\"wp-block-spacer\"><\/div>\n\n\n\n<h2 class=\"has-extra-large-font-size wp-block-heading\">Clausura de la primera WordCamp Venezuela, con Jordi Cuevas y Yordan Soares<\/h2>\n\n\n\n<figure class=\"wp-block-embed alignwide is-type-video is-provider-wordpress-tv wp-block-embed-wordpress-tv wp-embed-aspect-16-9 wp-has-aspect-ratio\"><div class=\"wp-block-embed__wrapper\">\n<iframe width='750' height='422' src='https:\/\/video.wordpress.com\/embed\/5qYcLgUL?hd=1' frameborder='0' allowfullscreen><\/iframe><script src='https:\/\/v0.wordpress.com\/js\/next\/videopress-iframe.js?m=1435166243'><\/script>\n<\/div><\/figure>\n","protected":false},"excerpt":{"rendered":"<p>Jueves Apertura de WordCamp Venezuela 2021 Mesa redonda Las 7 claves del \u00e9xito en WordPress Aprende a crear un multisitio en WordPress f\u00e1cil y r\u00e1pido Gesti\u00f3n de productos para una tienda en l\u00ednea de 0% a 100% en 30 minutos Accesibilidad web y tecnolog\u00eda con WordPress Pon en marcha tu negocio internacional con WordPress WordPress&hellip; <a class=\"more-link\" href=\"https:\/\/venezuela.wordcamp.org\/2021\/ver-charlas\/\">Seguir leyendo <span class=\"screen-reader-text\">Ver charlas<\/span><\/a><\/p>\n","protected":false},"author":15689130,"featured_media":0,"parent":0,"menu_order":0,"comment_status":"closed","ping_status":"closed","template":"","meta":{"_crdt_document":"","footnotes":""},"class_list":["post-3480","page","type-page","status-publish","hentry","entry"],"jetpack_sharing_enabled":true,"_links":{"self":[{"href":"https:\/\/venezuela.wordcamp.org\/2021\/wp-json\/wp\/v2\/pages\/3480","targetHints":{"allow":["GET"]}}],"collection":[{"href":"https:\/\/venezuela.wordcamp.org\/2021\/wp-json\/wp\/v2\/pages"}],"about":[{"href":"https:\/\/venezuela.wordcamp.org\/2021\/wp-json\/wp\/v2\/types\/page"}],"author":[{"embeddable":true,"href":"https:\/\/venezuela.wordcamp.org\/2021\/wp-json\/wp\/v2\/users\/15689130"}],"replies":[{"embeddable":true,"href":"https:\/\/venezuela.wordcamp.org\/2021\/wp-json\/wp\/v2\/comments?post=3480"}],"version-history":[{"count":13,"href":"https:\/\/venezuela.wordcamp.org\/2021\/wp-json\/wp\/v2\/pages\/3480\/revisions"}],"predecessor-version":[{"id":3515,"href":"https:\/\/venezuela.wordcamp.org\/2021\/wp-json\/wp\/v2\/pages\/3480\/revisions\/3515"}],"wp:attachment":[{"href":"https:\/\/venezuela.wordcamp.org\/2021\/wp-json\/wp\/v2\/media?parent=3480"}],"curies":[{"name":"wp","href":"https:\/\/api.w.org\/{rel}","templated":true}]}}