{"id":1023,"date":"2021-03-19T08:27:58","date_gmt":"2021-03-19T12:27:58","guid":{"rendered":"https:\/\/venezuela.wordcamp.org\/2021\/?page_id=1023"},"modified":"2021-04-17T14:48:36","modified_gmt":"2021-04-17T18:48:36","slug":"llamado-a-ponentes","status":"publish","type":"page","link":"https:\/\/venezuela.wordcamp.org\/2021\/llamado-a-ponentes\/","title":{"rendered":"Llamado a ponentes"},"content":{"rendered":"\n<p class=\"has-text-align-center has-white-color has-text-color has-background\" style=\"background-color:#8e0018\">Ha finalizado el plazo de recepci\u00f3n de ponencias:<br><em>\u00a1Muchas gracias a todos\/as!<\/em><\/p>\n\n\n\n<h2 class=\"has-text-align-center wp-block-heading\">\u00a1Queremos escucharte!<\/h2>\n\n\n\n<p><strong>FECHA M\u00c1XIMA DE APLICACI\u00d3N: JUEVES 15 DE ABRIL.<\/strong><\/p>\n\n\n\n<p>\u00a1Seguro que tienes algo que contar y nosotros queremos escucharte! Si antes no te hab\u00edas animado, por el tiempo o el dinero que te costar\u00eda trasladarte a la WordCamp m\u00e1s cercana, o por el miedo esc\u00e9nico al presentarte en un auditorio, pues ya no tienes excusas: \u00a1WordCamp Venezuela 2021 ser\u00e1 un evento online!<\/p>\n\n\n\n<p>Esta es una gran oportunidad para mostrarle al mundo lo que sabes y puedes hacerlo desde la comodidad de tu casa u oficina, ya que solo necesitar\u00e1s contar con:<\/p>\n\n\n\n<ul class=\"wp-block-list\"><li><strong>Un espacio libre de interrupciones.<\/strong><\/li><li><strong>Una computadora.<\/strong><\/li><li><strong>Una c\u00e1mara web.<\/strong><\/li><li><strong>Un micr\u00f3fono.<\/strong><\/li><li><strong>Unos aud\u00edfonos<\/strong>.<\/li><li><strong>Velocidad a Internet estable<\/strong> (si tu charla ser\u00e1 en vivo)<\/li><\/ul>\n\n\n\n<h2 class=\"wp-block-heading\">Tem\u00e1tica de las ponencias<\/h2>\n\n\n\n<p>Cualquier tem\u00e1tica relacionada con WordPress, directa o indirectamente, es bienvenida. Algunos temas de los que puedes hablar son:<\/p>\n\n\n\n<ul class=\"wp-block-list\"><li><strong>Accesibilidad<\/strong><\/li><li><strong>Anal\u00edticas<\/strong><\/li><li><strong>Comercio electr\u00f3nico<\/strong><\/li><li><strong>Comunidad<\/strong><\/li><li><strong>Contenidos<\/strong><\/li><li><strong>Desarrollo<\/strong><\/li><li><strong>Dise\u00f1o<\/strong><\/li><li><strong>Marketing Digital<\/strong><\/li><li><strong>Negocios<\/strong><\/li><li><strong>Seguridad<\/strong><\/li><li><strong>SEO<\/strong><\/li><\/ul>\n\n\n\n<h2 class=\"wp-block-heading\">Formatos de ponencias<\/h2>\n\n\n\n<p>Hemos establecido tres formatos de ponencia para dar mayor flexibilidad a tus propuestas:<\/p>\n\n\n\n<ul class=\"wp-block-list\"><li><s><strong>Ponencia corta sin preguntas<\/strong>: 20 minutos sin preguntas.<\/s><\/li><li><s><strong>Ponencia corta con preguntas<\/strong>: 20 minutos + 10 minutos de preguntas.<\/s><\/li><li><s><strong>Ponencia larga o taller<\/strong>: 45 minutos + 15 minutos de preguntas.<\/s> <\/li><\/ul>\n\n\n\n<p>Por las dificultades que estamos experimentando en Venezuela con los servicios tanto de electricidad como de Internet, hemos decidido dar la opci\u00f3n de presentar tu charla en vivo o grabarla previamente. Sin embargo, si tu charla es una <strong>ponencia corta con preguntas<\/strong> o una <strong>ponencia larga o taller<\/strong>, deber\u00e1s estar conectado para responder a las preguntas de los espectadores.<\/p>\n","protected":false},"excerpt":{"rendered":"<p>Ha finalizado el plazo de recepci\u00f3n de ponencias:\u00a1Muchas gracias a todos\/as! \u00a1Queremos escucharte! FECHA M\u00c1XIMA DE APLICACI\u00d3N: JUEVES 15 DE ABRIL. \u00a1Seguro que tienes algo que contar y nosotros queremos escucharte! Si antes no te hab\u00edas animado, por el tiempo o el dinero que te costar\u00eda trasladarte a la WordCamp m\u00e1s cercana, o por el&hellip; <a class=\"more-link\" href=\"https:\/\/venezuela.wordcamp.org\/2021\/llamado-a-ponentes\/\">Seguir leyendo <span class=\"screen-reader-text\">Llamado a ponentes<\/span><\/a><\/p>\n","protected":false},"author":17176484,"featured_media":1924,"parent":0,"menu_order":0,"comment_status":"closed","ping_status":"closed","template":"","meta":{"jetpack_post_was_ever_published":false,"footnotes":""},"class_list":["post-1023","page","type-page","status-publish","has-post-thumbnail","hentry","entry"],"jetpack_sharing_enabled":true,"_links":{"self":[{"href":"https:\/\/venezuela.wordcamp.org\/2021\/wp-json\/wp\/v2\/pages\/1023","targetHints":{"allow":["GET"]}}],"collection":[{"href":"https:\/\/venezuela.wordcamp.org\/2021\/wp-json\/wp\/v2\/pages"}],"about":[{"href":"https:\/\/venezuela.wordcamp.org\/2021\/wp-json\/wp\/v2\/types\/page"}],"author":[{"embeddable":true,"href":"https:\/\/venezuela.wordcamp.org\/2021\/wp-json\/wp\/v2\/users\/17176484"}],"replies":[{"embeddable":true,"href":"https:\/\/venezuela.wordcamp.org\/2021\/wp-json\/wp\/v2\/comments?post=1023"}],"version-history":[{"count":19,"href":"https:\/\/venezuela.wordcamp.org\/2021\/wp-json\/wp\/v2\/pages\/1023\/revisions"}],"predecessor-version":[{"id":2110,"href":"https:\/\/venezuela.wordcamp.org\/2021\/wp-json\/wp\/v2\/pages\/1023\/revisions\/2110"}],"wp:featuredmedia":[{"embeddable":true,"href":"https:\/\/venezuela.wordcamp.org\/2021\/wp-json\/wp\/v2\/media\/1924"}],"wp:attachment":[{"href":"https:\/\/venezuela.wordcamp.org\/2021\/wp-json\/wp\/v2\/media?parent=1023"}],"curies":[{"name":"wp","href":"https:\/\/api.w.org\/{rel}","templated":true}]}}